{"id":3049,"date":"2020-05-14T17:16:29","date_gmt":"2020-05-14T15:16:30","guid":{"rendered":"https:\/\/bequartii.com\/?post_type=product&#038;p=3049"},"modified":"2025-05-21T14:34:06","modified_gmt":"2025-05-21T12:34:06","slug":"combinaison-akira","status":"publish","type":"product","link":"https:\/\/bequartii.com\/fr\/produit\/combinaison-akira\/","title":{"rendered":"Combinaison Akira"},"content":{"rendered":"","protected":false},"excerpt":{"rendered":"<p>Combinaison Akira en Cr\u00eape de Chine de Soie<\/p>\n<p>-100% Soie<br \/>\n-Nettoyage \u00e0 sec<br \/>\n-Fabrique en France<\/p>\n<p><a href=\"https:\/\/bequartii.com\/fr\/showroom\/\">ESSAYER CE MOD\u00c8LE AU SHOWROOM <\/a><br \/>\n<a href=\"https:\/\/bequartii.com\/fr\/guide-des-tailles\/\"><u>GUIDE DES TAILLES<\/u><\/a><\/p>\n","protected":false},"featured_media":829,"template":"","meta":{"inline_featured_image":false},"product_brand":[],"product_cat":[56],"product_tag":[],"class_list":{"0":"post-3049","1":"product","2":"type-product","3":"status-publish","4":"has-post-thumbnail","6":"product_cat-shop-fr","8":"first","9":"instock","10":"taxable","11":"shipping-taxable","12":"purchasable","13":"product-type-variable","14":"has-default-attributes"},"yoast_head":"<!-- This site is optimized with the Yoast SEO plugin v25.1 - https:\/\/yoast.com\/wordpress\/plugins\/seo\/ -->\n<title>Combinaison Akira - Bequartii<\/title>\n<meta name=\"robots\" content=\"index, follow, max-snippet:-1, max-image-preview:large, max-video-preview:-1\" \/>\n<link rel=\"canonical\" href=\"https:\/\/bequartii.com\/fr\/produit\/combinaison-akira\/\" \/>\n<meta property=\"og:locale\" content=\"fr_FR\" \/>\n<meta property=\"og:type\" content=\"article\" \/>\n<meta property=\"og:title\" content=\"Combinaison Akira - Bequartii\" \/>\n<meta property=\"og:description\" content=\"Combinaison Akira en Cr\u00eape de Chine de Soie  -100% Soie -Nettoyage \u00e0 sec -Fabrique en France  ESSAYER CE MOD\u00c8LE AU SHOWROOM  GUIDE DES TAILLES\" \/>\n<meta property=\"og:url\" content=\"https:\/\/bequartii.com\/fr\/produit\/combinaison-akira\/\" \/>\n<meta property=\"og:site_name\" content=\"Bequartii\" \/>\n<meta property=\"article:modified_time\" content=\"2025-05-21T12:34:06+00:00\" \/>\n<meta property=\"og:image\" content=\"https:\/\/bequartii.com\/wp-content\/uploads\/2019\/07\/Bequartii_aw19_collection_16-scaled.jpg\" \/>\n\t<meta property=\"og:image:width\" content=\"1920\" \/>\n\t<meta property=\"og:image:height\" content=\"2560\" \/>\n\t<meta property=\"og:image:type\" content=\"image\/jpeg\" \/>\n<meta name=\"twitter:card\" content=\"summary_large_image\" \/>\n<meta name=\"twitter:label1\" content=\"Dur\u00e9e de lecture estim\u00e9e\" \/>\n\t<meta name=\"twitter:data1\" content=\"1 minute\" \/>\n<script type=\"application\/ld+json\" class=\"yoast-schema-graph\">{\"@context\":\"https:\/\/schema.org\",\"@graph\":[{\"@type\":\"WebPage\",\"@id\":\"https:\/\/bequartii.com\/fr\/produit\/combinaison-akira\/\",\"url\":\"https:\/\/bequartii.com\/fr\/produit\/combinaison-akira\/\",\"name\":\"Combinaison Akira - Bequartii\",\"isPartOf\":{\"@id\":\"https:\/\/bequartii.com\/#website\"},\"primaryImageOfPage\":{\"@id\":\"https:\/\/bequartii.com\/fr\/produit\/combinaison-akira\/#primaryimage\"},\"image\":{\"@id\":\"https:\/\/bequartii.com\/fr\/produit\/combinaison-akira\/#primaryimage\"},\"thumbnailUrl\":\"https:\/\/bequartii.com\/wp-content\/uploads\/2019\/07\/Bequartii_aw19_collection_16-scaled.jpg\",\"datePublished\":\"2020-05-14T15:16:30+00:00\",\"dateModified\":\"2025-05-21T12:34:06+00:00\",\"breadcrumb\":{\"@id\":\"https:\/\/bequartii.com\/fr\/produit\/combinaison-akira\/#breadcrumb\"},\"inLanguage\":\"fr-FR\",\"potentialAction\":[{\"@type\":\"ReadAction\",\"target\":[\"https:\/\/bequartii.com\/fr\/produit\/combinaison-akira\/\"]}]},{\"@type\":\"ImageObject\",\"inLanguage\":\"fr-FR\",\"@id\":\"https:\/\/bequartii.com\/fr\/produit\/combinaison-akira\/#primaryimage\",\"url\":\"https:\/\/bequartii.com\/wp-content\/uploads\/2019\/07\/Bequartii_aw19_collection_16-scaled.jpg\",\"contentUrl\":\"https:\/\/bequartii.com\/wp-content\/uploads\/2019\/07\/Bequartii_aw19_collection_16-scaled.jpg\",\"width\":1920,\"height\":2560},{\"@type\":\"BreadcrumbList\",\"@id\":\"https:\/\/bequartii.com\/fr\/produit\/combinaison-akira\/#breadcrumb\",\"itemListElement\":[{\"@type\":\"ListItem\",\"position\":1,\"name\":\"Home\",\"item\":\"https:\/\/bequartii.com\/fr\/\"},{\"@type\":\"ListItem\",\"position\":2,\"name\":\"Products\",\"item\":\"https:\/\/bequartii.com\/shop\/\"},{\"@type\":\"ListItem\",\"position\":3,\"name\":\"Combinaison Akira\"}]},{\"@type\":\"WebSite\",\"@id\":\"https:\/\/bequartii.com\/#website\",\"url\":\"https:\/\/bequartii.com\/\",\"name\":\"Bequartii\",\"description\":\"Fashion brand based in Paris\",\"potentialAction\":[{\"@type\":\"SearchAction\",\"target\":{\"@type\":\"EntryPoint\",\"urlTemplate\":\"https:\/\/bequartii.com\/?s={search_term_string}\"},\"query-input\":{\"@type\":\"PropertyValueSpecification\",\"valueRequired\":true,\"valueName\":\"search_term_string\"}}],\"inLanguage\":\"fr-FR\"}]}<\/script>\n<!-- \/ Yoast SEO plugin. -->","yoast_head_json":{"title":"Combinaison Akira - Bequartii","robots":{"index":"index","follow":"follow","max-snippet":"max-snippet:-1","max-image-preview":"max-image-preview:large","max-video-preview":"max-video-preview:-1"},"canonical":"https:\/\/bequartii.com\/fr\/produit\/combinaison-akira\/","og_locale":"fr_FR","og_type":"article","og_title":"Combinaison Akira - Bequartii","og_description":"Combinaison Akira en Cr\u00eape de Chine de Soie  -100% Soie -Nettoyage \u00e0 sec -Fabrique en France  ESSAYER CE MOD\u00c8LE AU SHOWROOM  GUIDE DES TAILLES","og_url":"https:\/\/bequartii.com\/fr\/produit\/combinaison-akira\/","og_site_name":"Bequartii","article_modified_time":"2025-05-21T12:34:06+00:00","og_image":[{"width":1920,"height":2560,"url":"https:\/\/bequartii.com\/wp-content\/uploads\/2019\/07\/Bequartii_aw19_collection_16-scaled.jpg","type":"image\/jpeg"}],"twitter_card":"summary_large_image","twitter_misc":{"Dur\u00e9e de lecture estim\u00e9e":"1 minute"},"schema":{"@context":"https:\/\/schema.org","@graph":[{"@type":"WebPage","@id":"https:\/\/bequartii.com\/fr\/produit\/combinaison-akira\/","url":"https:\/\/bequartii.com\/fr\/produit\/combinaison-akira\/","name":"Combinaison Akira - Bequartii","isPartOf":{"@id":"https:\/\/bequartii.com\/#website"},"primaryImageOfPage":{"@id":"https:\/\/bequartii.com\/fr\/produit\/combinaison-akira\/#primaryimage"},"image":{"@id":"https:\/\/bequartii.com\/fr\/produit\/combinaison-akira\/#primaryimage"},"thumbnailUrl":"https:\/\/bequartii.com\/wp-content\/uploads\/2019\/07\/Bequartii_aw19_collection_16-scaled.jpg","datePublished":"2020-05-14T15:16:30+00:00","dateModified":"2025-05-21T12:34:06+00:00","breadcrumb":{"@id":"https:\/\/bequartii.com\/fr\/produit\/combinaison-akira\/#breadcrumb"},"inLanguage":"fr-FR","potentialAction":[{"@type":"ReadAction","target":["https:\/\/bequartii.com\/fr\/produit\/combinaison-akira\/"]}]},{"@type":"ImageObject","inLanguage":"fr-FR","@id":"https:\/\/bequartii.com\/fr\/produit\/combinaison-akira\/#primaryimage","url":"https:\/\/bequartii.com\/wp-content\/uploads\/2019\/07\/Bequartii_aw19_collection_16-scaled.jpg","contentUrl":"https:\/\/bequartii.com\/wp-content\/uploads\/2019\/07\/Bequartii_aw19_collection_16-scaled.jpg","width":1920,"height":2560},{"@type":"BreadcrumbList","@id":"https:\/\/bequartii.com\/fr\/produit\/combinaison-akira\/#breadcrumb","itemListElement":[{"@type":"ListItem","position":1,"name":"Home","item":"https:\/\/bequartii.com\/fr\/"},{"@type":"ListItem","position":2,"name":"Products","item":"https:\/\/bequartii.com\/shop\/"},{"@type":"ListItem","position":3,"name":"Combinaison Akira"}]},{"@type":"WebSite","@id":"https:\/\/bequartii.com\/#website","url":"https:\/\/bequartii.com\/","name":"Bequartii","description":"Fashion brand based in Paris","potentialAction":[{"@type":"SearchAction","target":{"@type":"EntryPoint","urlTemplate":"https:\/\/bequartii.com\/?s={search_term_string}"},"query-input":{"@type":"PropertyValueSpecification","valueRequired":true,"valueName":"search_term_string"}}],"inLanguage":"fr-FR"}]}},"_links":{"self":[{"href":"https:\/\/bequartii.com\/fr\/wp-json\/wp\/v2\/product\/3049","targetHints":{"allow":["GET"]}}],"collection":[{"href":"https:\/\/bequartii.com\/fr\/wp-json\/wp\/v2\/product"}],"about":[{"href":"https:\/\/bequartii.com\/fr\/wp-json\/wp\/v2\/types\/product"}],"wp:featuredmedia":[{"embeddable":true,"href":"https:\/\/bequartii.com\/fr\/wp-json\/wp\/v2\/media\/829"}],"wp:attachment":[{"href":"https:\/\/bequartii.com\/fr\/wp-json\/wp\/v2\/media?parent=3049"}],"wp:term":[{"taxonomy":"product_brand","embeddable":true,"href":"https:\/\/bequartii.com\/fr\/wp-json\/wp\/v2\/product_brand?post=3049"},{"taxonomy":"product_cat","embeddable":true,"href":"https:\/\/bequartii.com\/fr\/wp-json\/wp\/v2\/product_cat?post=3049"},{"taxonomy":"product_tag","embeddable":true,"href":"https:\/\/bequartii.com\/fr\/wp-json\/wp\/v2\/product_tag?post=3049"}],"curies":[{"name":"wp","href":"https:\/\/api.w.org\/{rel}","templated":true}]}}