{"id":942,"date":"2019-07-30T11:13:24","date_gmt":"2019-07-30T09:13:24","guid":{"rendered":"https:\/\/bequartii.com\/atelier\/"},"modified":"2019-09-20T15:34:24","modified_gmt":"2019-09-20T13:34:24","slug":"atelier","status":"publish","type":"page","link":"https:\/\/bequartii.com\/fr\/atelier\/","title":{"rendered":"ATELIER"},"content":{"rendered":"<div class=\"wpb-content-wrapper\"><p>[vc_row row_type=\u00a0\u00bbrow\u00a0\u00bb use_row_as_full_screen_section=\u00a0\u00bbno\u00a0\u00bb type=\u00a0\u00bbfull_width\u00a0\u00bb text_align=\u00a0\u00bbleft\u00a0\u00bb background_animation=\u00a0\u00bbnone\u00a0\u00bb css_animation=\u00a0\u00bb\u00a0\u00bb][vc_column][vc_column_text]<img fetchpriority=\"high\" decoding=\"async\" class=\"aligncenter wp-image-1736 \" src=\"https:\/\/bequartii.com\/wp-content\/uploads\/2019\/09\/Bequartii_paris_showroom_atelier-1024x683.jpg\" alt=\"\" width=\"605\" height=\"404\" srcset=\"https:\/\/bequartii.com\/wp-content\/uploads\/2019\/09\/Bequartii_paris_showroom_atelier-1024x683.jpg 1024w, https:\/\/bequartii.com\/wp-content\/uploads\/2019\/09\/Bequartii_paris_showroom_atelier-650x433.jpg 650w, https:\/\/bequartii.com\/wp-content\/uploads\/2019\/09\/Bequartii_paris_showroom_atelier-300x200.jpg 300w, https:\/\/bequartii.com\/wp-content\/uploads\/2019\/09\/Bequartii_paris_showroom_atelier-768x512.jpg 768w, https:\/\/bequartii.com\/wp-content\/uploads\/2019\/09\/Bequartii_paris_showroom_atelier-700x467.jpg 700w, https:\/\/bequartii.com\/wp-content\/uploads\/2019\/09\/Bequartii_paris_showroom_atelier-1100x733.jpg 1100w, https:\/\/bequartii.com\/wp-content\/uploads\/2019\/09\/Bequartii_paris_showroom_atelier.jpg 1500w\" sizes=\"(max-width: 605px) 100vw, 605px\" \/>[\/vc_column_text][\/vc_column][\/vc_row][vc_row row_type=\u00a0\u00bbrow\u00a0\u00bb use_row_as_full_screen_section=\u00a0\u00bbno\u00a0\u00bb type=\u00a0\u00bbfull_width\u00a0\u00bb text_align=\u00a0\u00bbleft\u00a0\u00bb background_animation=\u00a0\u00bbnone\u00a0\u00bb css_animation=\u00a0\u00bb\u00a0\u00bb][vc_column width=\u00a0\u00bb1\/6&Prime;][\/vc_column][vc_column width=\u00a0\u00bb2\/3&Prime;][vc_empty_space][vc_column_text]<\/p>\n<p class=\"p1\" style=\"text-align: center;\"><span class=\"s1\">Dans notre atelier, vous pouvez faire r\u00e9aliser une pi\u00e8ce avec les \u00e9l\u00e9ments typiquement reconnaissables de nos collections, et l\u2019adapter \u00e0 votre mesure. <\/span><\/p>\n<p class=\"p1\" style=\"text-align: center;\"><span class=\"s1\">Atelier Bequartii vous offre cette exp\u00e9rience originale assist\u00e9e de notre \u00e9quipe qui vous aidera dans le choix du tissu et la cr\u00e9ation des courbes parfaites qui mettrons en valeur vos lignes.<\/span><\/p>\n<p>[\/vc_column_text][\/vc_column][vc_column width=\u00a0\u00bb1\/6&Prime;][\/vc_column][\/vc_row][vc_row row_type=\u00a0\u00bbrow\u00a0\u00bb use_row_as_full_screen_section=\u00a0\u00bbno\u00a0\u00bb type=\u00a0\u00bbfull_width\u00a0\u00bb text_align=\u00a0\u00bbleft\u00a0\u00bb background_animation=\u00a0\u00bbnone\u00a0\u00bb css_animation=\u00a0\u00bb\u00a0\u00bb][vc_column][vc_empty_space height=\u00a0\u00bb400px\u00a0\u00bb][\/vc_column][\/vc_row]<\/p>\n<\/div>","protected":false},"excerpt":{"rendered":"<p>[vc_row row_type=\u00a0\u00bbrow\u00a0\u00bb use_row_as_full_screen_section=\u00a0\u00bbno\u00a0\u00bb type=\u00a0\u00bbfull_width\u00a0\u00bb text_align=\u00a0\u00bbleft\u00a0\u00bb background_animation=\u00a0\u00bbnone\u00a0\u00bb css_animation=\u00a0\u00bb\u00a0\u00bb][vc_column][vc_column_text][\/vc_column_text][\/vc_column][\/vc_row][vc_row row_type=\u00a0\u00bbrow\u00a0\u00bb use_row_as_full_screen_section=\u00a0\u00bbno\u00a0\u00bb type=\u00a0\u00bbfull_width\u00a0\u00bb text_align=\u00a0\u00bbleft\u00a0\u00bb background_animation=\u00a0\u00bbnone\u00a0\u00bb css_animation=\u00a0\u00bb\u00a0\u00bb][vc_column width=\u00a0\u00bb1\/6&Prime;][\/vc_column][vc_column width=\u00a0\u00bb2\/3&Prime;][vc_empty_space][vc_column_text] Dans notre atelier, vous pouvez faire r\u00e9aliser une pi\u00e8ce avec les \u00e9l\u00e9ments typiquement reconnaissables de nos collections, et l\u2019adapter \u00e0 votre mesure. Atelier Bequartii vous offre cette exp\u00e9rience originale assist\u00e9e&#8230;<\/p>\n","protected":false},"author":1,"featured_media":0,"parent":0,"menu_order":0,"comment_status":"closed","ping_status":"closed","template":"","meta":{"inline_featured_image":false,"footnotes":""},"class_list":["post-942","page","type-page","status-publish","hentry"],"yoast_head":"<!-- This site is optimized with the Yoast SEO plugin v25.1 - https:\/\/yoast.com\/wordpress\/plugins\/seo\/ -->\n<title>ATELIER - Bequartii<\/title>\n<meta name=\"robots\" content=\"index, follow, max-snippet:-1, max-image-preview:large, max-video-preview:-1\" \/>\n<link rel=\"canonical\" href=\"https:\/\/bequartii.com\/atelier\/\" \/>\n<meta property=\"og:locale\" content=\"fr_FR\" \/>\n<meta property=\"og:type\" content=\"article\" \/>\n<meta property=\"og:title\" content=\"ATELIER - Bequartii\" \/>\n<meta property=\"og:description\" content=\"[vc_row row_type=\u00a0\u00bbrow\u00a0\u00bb use_row_as_full_screen_section=\u00a0\u00bbno\u00a0\u00bb type=\u00a0\u00bbfull_width\u00a0\u00bb text_align=\u00a0\u00bbleft\u00a0\u00bb background_animation=\u00a0\u00bbnone\u00a0\u00bb css_animation=\u00a0\u00bb\u00a0\u00bb][vc_column][vc_column_text][\/vc_column_text][\/vc_column][\/vc_row][vc_row row_type=\u00a0\u00bbrow\u00a0\u00bb use_row_as_full_screen_section=\u00a0\u00bbno\u00a0\u00bb type=\u00a0\u00bbfull_width\u00a0\u00bb text_align=\u00a0\u00bbleft\u00a0\u00bb background_animation=\u00a0\u00bbnone\u00a0\u00bb css_animation=\u00a0\u00bb\u00a0\u00bb][vc_column width=\u00a0\u00bb1\/6&Prime;][\/vc_column][vc_column width=\u00a0\u00bb2\/3&Prime;][vc_empty_space][vc_column_text] Dans notre atelier, vous pouvez faire r\u00e9aliser une pi\u00e8ce avec les \u00e9l\u00e9ments typiquement reconnaissables de nos collections, et l\u2019adapter \u00e0 votre mesure. Atelier Bequartii vous offre cette exp\u00e9rience originale assist\u00e9e...\" \/>\n<meta property=\"og:url\" content=\"https:\/\/bequartii.com\/atelier\/\" \/>\n<meta property=\"og:site_name\" content=\"Bequartii\" \/>\n<meta property=\"article:modified_time\" content=\"2019-09-20T13:34:24+00:00\" \/>\n<meta property=\"og:image\" content=\"https:\/\/bequartii.com\/wp-content\/uploads\/2019\/09\/Bequartii_paris_showroom_atelier.jpg\" \/>\n\t<meta property=\"og:image:width\" content=\"1500\" \/>\n\t<meta property=\"og:image:height\" content=\"1000\" \/>\n\t<meta property=\"og:image:type\" content=\"image\/jpeg\" \/>\n<meta name=\"twitter:card\" content=\"summary_large_image\" \/>\n<meta name=\"twitter:label1\" content=\"Dur\u00e9e de lecture estim\u00e9e\" \/>\n\t<meta name=\"twitter:data1\" content=\"1 minute\" \/>\n<script type=\"application\/ld+json\" class=\"yoast-schema-graph\">{\"@context\":\"https:\/\/schema.org\",\"@graph\":[{\"@type\":\"WebPage\",\"@id\":\"https:\/\/bequartii.com\/atelier\/\",\"url\":\"https:\/\/bequartii.com\/atelier\/\",\"name\":\"ATELIER - Bequartii\",\"isPartOf\":{\"@id\":\"https:\/\/bequartii.com\/#website\"},\"primaryImageOfPage\":{\"@id\":\"https:\/\/bequartii.com\/atelier\/#primaryimage\"},\"image\":{\"@id\":\"https:\/\/bequartii.com\/atelier\/#primaryimage\"},\"thumbnailUrl\":\"https:\/\/bequartii.com\/wp-content\/uploads\/2019\/09\/Bequartii_paris_showroom_atelier-1024x683.jpg\",\"datePublished\":\"2019-07-30T09:13:24+00:00\",\"dateModified\":\"2019-09-20T13:34:24+00:00\",\"breadcrumb\":{\"@id\":\"https:\/\/bequartii.com\/atelier\/#breadcrumb\"},\"inLanguage\":\"fr-FR\",\"potentialAction\":[{\"@type\":\"ReadAction\",\"target\":[\"https:\/\/bequartii.com\/atelier\/\"]}]},{\"@type\":\"ImageObject\",\"inLanguage\":\"fr-FR\",\"@id\":\"https:\/\/bequartii.com\/atelier\/#primaryimage\",\"url\":\"https:\/\/bequartii.com\/wp-content\/uploads\/2019\/09\/Bequartii_paris_showroom_atelier-1024x683.jpg\",\"contentUrl\":\"https:\/\/bequartii.com\/wp-content\/uploads\/2019\/09\/Bequartii_paris_showroom_atelier-1024x683.jpg\"},{\"@type\":\"BreadcrumbList\",\"@id\":\"https:\/\/bequartii.com\/atelier\/#breadcrumb\",\"itemListElement\":[{\"@type\":\"ListItem\",\"position\":1,\"name\":\"Home\",\"item\":\"https:\/\/bequartii.com\/fr\/\"},{\"@type\":\"ListItem\",\"position\":2,\"name\":\"ATELIER\"}]},{\"@type\":\"WebSite\",\"@id\":\"https:\/\/bequartii.com\/#website\",\"url\":\"https:\/\/bequartii.com\/\",\"name\":\"Bequartii\",\"description\":\"Fashion brand based in Paris\",\"potentialAction\":[{\"@type\":\"SearchAction\",\"target\":{\"@type\":\"EntryPoint\",\"urlTemplate\":\"https:\/\/bequartii.com\/?s={search_term_string}\"},\"query-input\":{\"@type\":\"PropertyValueSpecification\",\"valueRequired\":true,\"valueName\":\"search_term_string\"}}],\"inLanguage\":\"fr-FR\"}]}<\/script>\n<!-- \/ Yoast SEO plugin. -->","yoast_head_json":{"title":"ATELIER - Bequartii","robots":{"index":"index","follow":"follow","max-snippet":"max-snippet:-1","max-image-preview":"max-image-preview:large","max-video-preview":"max-video-preview:-1"},"canonical":"https:\/\/bequartii.com\/atelier\/","og_locale":"fr_FR","og_type":"article","og_title":"ATELIER - Bequartii","og_description":"[vc_row row_type=\u00a0\u00bbrow\u00a0\u00bb use_row_as_full_screen_section=\u00a0\u00bbno\u00a0\u00bb type=\u00a0\u00bbfull_width\u00a0\u00bb text_align=\u00a0\u00bbleft\u00a0\u00bb background_animation=\u00a0\u00bbnone\u00a0\u00bb css_animation=\u00a0\u00bb\u00a0\u00bb][vc_column][vc_column_text][\/vc_column_text][\/vc_column][\/vc_row][vc_row row_type=\u00a0\u00bbrow\u00a0\u00bb use_row_as_full_screen_section=\u00a0\u00bbno\u00a0\u00bb type=\u00a0\u00bbfull_width\u00a0\u00bb text_align=\u00a0\u00bbleft\u00a0\u00bb background_animation=\u00a0\u00bbnone\u00a0\u00bb css_animation=\u00a0\u00bb\u00a0\u00bb][vc_column width=\u00a0\u00bb1\/6&Prime;][\/vc_column][vc_column width=\u00a0\u00bb2\/3&Prime;][vc_empty_space][vc_column_text] Dans notre atelier, vous pouvez faire r\u00e9aliser une pi\u00e8ce avec les \u00e9l\u00e9ments typiquement reconnaissables de nos collections, et l\u2019adapter \u00e0 votre mesure. Atelier Bequartii vous offre cette exp\u00e9rience originale assist\u00e9e...","og_url":"https:\/\/bequartii.com\/atelier\/","og_site_name":"Bequartii","article_modified_time":"2019-09-20T13:34:24+00:00","og_image":[{"width":1500,"height":1000,"url":"https:\/\/bequartii.com\/wp-content\/uploads\/2019\/09\/Bequartii_paris_showroom_atelier.jpg","type":"image\/jpeg"}],"twitter_card":"summary_large_image","twitter_misc":{"Dur\u00e9e de lecture estim\u00e9e":"1 minute"},"schema":{"@context":"https:\/\/schema.org","@graph":[{"@type":"WebPage","@id":"https:\/\/bequartii.com\/atelier\/","url":"https:\/\/bequartii.com\/atelier\/","name":"ATELIER - Bequartii","isPartOf":{"@id":"https:\/\/bequartii.com\/#website"},"primaryImageOfPage":{"@id":"https:\/\/bequartii.com\/atelier\/#primaryimage"},"image":{"@id":"https:\/\/bequartii.com\/atelier\/#primaryimage"},"thumbnailUrl":"https:\/\/bequartii.com\/wp-content\/uploads\/2019\/09\/Bequartii_paris_showroom_atelier-1024x683.jpg","datePublished":"2019-07-30T09:13:24+00:00","dateModified":"2019-09-20T13:34:24+00:00","breadcrumb":{"@id":"https:\/\/bequartii.com\/atelier\/#breadcrumb"},"inLanguage":"fr-FR","potentialAction":[{"@type":"ReadAction","target":["https:\/\/bequartii.com\/atelier\/"]}]},{"@type":"ImageObject","inLanguage":"fr-FR","@id":"https:\/\/bequartii.com\/atelier\/#primaryimage","url":"https:\/\/bequartii.com\/wp-content\/uploads\/2019\/09\/Bequartii_paris_showroom_atelier-1024x683.jpg","contentUrl":"https:\/\/bequartii.com\/wp-content\/uploads\/2019\/09\/Bequartii_paris_showroom_atelier-1024x683.jpg"},{"@type":"BreadcrumbList","@id":"https:\/\/bequartii.com\/atelier\/#breadcrumb","itemListElement":[{"@type":"ListItem","position":1,"name":"Home","item":"https:\/\/bequartii.com\/fr\/"},{"@type":"ListItem","position":2,"name":"ATELIER"}]},{"@type":"WebSite","@id":"https:\/\/bequartii.com\/#website","url":"https:\/\/bequartii.com\/","name":"Bequartii","description":"Fashion brand based in Paris","potentialAction":[{"@type":"SearchAction","target":{"@type":"EntryPoint","urlTemplate":"https:\/\/bequartii.com\/?s={search_term_string}"},"query-input":{"@type":"PropertyValueSpecification","valueRequired":true,"valueName":"search_term_string"}}],"inLanguage":"fr-FR"}]}},"_links":{"self":[{"href":"https:\/\/bequartii.com\/fr\/wp-json\/wp\/v2\/pages\/942","targetHints":{"allow":["GET"]}}],"collection":[{"href":"https:\/\/bequartii.com\/fr\/wp-json\/wp\/v2\/pages"}],"about":[{"href":"https:\/\/bequartii.com\/fr\/wp-json\/wp\/v2\/types\/page"}],"author":[{"embeddable":true,"href":"https:\/\/bequartii.com\/fr\/wp-json\/wp\/v2\/users\/1"}],"replies":[{"embeddable":true,"href":"https:\/\/bequartii.com\/fr\/wp-json\/wp\/v2\/comments?post=942"}],"version-history":[{"count":4,"href":"https:\/\/bequartii.com\/fr\/wp-json\/wp\/v2\/pages\/942\/revisions"}],"predecessor-version":[{"id":2025,"href":"https:\/\/bequartii.com\/fr\/wp-json\/wp\/v2\/pages\/942\/revisions\/2025"}],"wp:attachment":[{"href":"https:\/\/bequartii.com\/fr\/wp-json\/wp\/v2\/media?parent=942"}],"curies":[{"name":"wp","href":"https:\/\/api.w.org\/{rel}","templated":true}]}}