{"id":615,"date":"2019-07-02T18:22:51","date_gmt":"2019-07-02T16:22:51","guid":{"rendered":"https:\/\/bequartii.com\/showroom\/"},"modified":"2020-03-02T11:25:37","modified_gmt":"2020-03-02T10:25:37","slug":"showroom","status":"publish","type":"page","link":"https:\/\/bequartii.com\/fr\/showroom\/","title":{"rendered":"Showroom"},"content":{"rendered":"<div class=\"wpb-content-wrapper\"><p>[vc_row row_type=\u00a0\u00bbrow\u00a0\u00bb use_row_as_full_screen_section=\u00a0\u00bbno\u00a0\u00bb type=\u00a0\u00bbfull_width\u00a0\u00bb text_align=\u00a0\u00bbleft\u00a0\u00bb background_animation=\u00a0\u00bbnone\u00a0\u00bb css_animation=\u00a0\u00bb\u00a0\u00bb][vc_column][vc_column_text]<img fetchpriority=\"high\" decoding=\"async\" class=\"aligncenter wp-image-1734\" src=\"https:\/\/bequartii.com\/wp-content\/uploads\/2019\/09\/Bequartii_paris_showroom_atelier_.jpg\" alt=\"\" width=\"605\" height=\"403\" srcset=\"https:\/\/bequartii.com\/wp-content\/uploads\/2019\/09\/Bequartii_paris_showroom_atelier_.jpg 1500w, https:\/\/bequartii.com\/wp-content\/uploads\/2019\/09\/Bequartii_paris_showroom_atelier_-650x433.jpg 650w, https:\/\/bequartii.com\/wp-content\/uploads\/2019\/09\/Bequartii_paris_showroom_atelier_-300x200.jpg 300w, https:\/\/bequartii.com\/wp-content\/uploads\/2019\/09\/Bequartii_paris_showroom_atelier_-768x512.jpg 768w, https:\/\/bequartii.com\/wp-content\/uploads\/2019\/09\/Bequartii_paris_showroom_atelier_-1024x683.jpg 1024w, https:\/\/bequartii.com\/wp-content\/uploads\/2019\/09\/Bequartii_paris_showroom_atelier_-700x467.jpg 700w, https:\/\/bequartii.com\/wp-content\/uploads\/2019\/09\/Bequartii_paris_showroom_atelier_-1100x733.jpg 1100w\" sizes=\"(max-width: 605px) 100vw, 605px\" \/>[\/vc_column_text][vc_empty_space][\/vc_column][\/vc_row][vc_row row_type=\u00a0\u00bbrow\u00a0\u00bb use_row_as_full_screen_section=\u00a0\u00bbno\u00a0\u00bb type=\u00a0\u00bbfull_width\u00a0\u00bb text_align=\u00a0\u00bbleft\u00a0\u00bb background_animation=\u00a0\u00bbnone\u00a0\u00bb css_animation=\u00a0\u00bb\u00a0\u00bb][vc_column][vc_column_text]<\/p>\n<p style=\"text-align: center;\">Notre showroom est situ\u00e9 au c\u0153ur de Paris, au\u00a0<u>7 rue Royale 75008, \u00e0 c\u00f4t\u00e9 d\u2019h\u00f4tel de Crillon<\/u>.<\/p>\n<p style=\"text-align: center;\">Avant sa reprise et r\u00e9novation par Bequartii, ce lieu d\u2019exception a \u00e9t\u00e9 le bureau du couturier Pierre Cardin.<\/p>\n<p style=\"text-align: center;\">Vous pouvez y prendre un rendez-vous en ligne et venir d\u00e9couvrir notre collection.<\/p>\n<p>&nbsp;<\/p>\n<p style=\"text-align: center;\">Vous pouvez \u00e9galement faire vos achats en ligne et s\u00e9lectionner une option \u00a0\u00bb r\u00e9cup\u00e9rer mes achats dans le showroom\u00a0\u00bb .<\/p>\n<p style=\"text-align: center;\">S\u00e9lectionnez un rendez-vous en ligne et venez d\u00e9couvrir notre collection et nos pi\u00e8ces exclusives, visibles dans notre showroom uniquement.<\/p>\n<p>[\/vc_column_text][vc_empty_space][\/vc_column][\/vc_row][vc_row row_type=\u00a0\u00bbrow\u00a0\u00bb use_row_as_full_screen_section=\u00a0\u00bbno\u00a0\u00bb type=\u00a0\u00bbfull_width\u00a0\u00bb text_align=\u00a0\u00bbleft\u00a0\u00bb background_animation=\u00a0\u00bbnone\u00a0\u00bb css_animation=\u00a0\u00bb\u00a0\u00bb][vc_column width=\u00a0\u00bb1\/4&Prime;][\/vc_column][vc_column width=\u00a0\u00bb1\/4&Prime;][vc_row_inner row_type=\u00a0\u00bbrow\u00a0\u00bb type=\u00a0\u00bbfull_width\u00a0\u00bb use_row_as_full_screen_section_slide=\u00a0\u00bbno\u00a0\u00bb text_align=\u00a0\u00bbleft\u00a0\u00bb css_animation=\u00a0\u00bb\u00a0\u00bb][vc_column_inner][vc_column_text]<\/p>\n<h2>Contactez-Nous<\/h2>\n<p>&nbsp;<\/p>\n<p>contact@bequartii.com[\/vc_column_text][\/vc_column_inner][\/vc_row_inner][vc_empty_space][\/vc_column][vc_column width=\u00a0\u00bb1\/4&Prime;][vc_row_inner row_type=\u00a0\u00bbrow\u00a0\u00bb type=\u00a0\u00bbfull_width\u00a0\u00bb use_row_as_full_screen_section_slide=\u00a0\u00bbno\u00a0\u00bb text_align=\u00a0\u00bbleft\u00a0\u00bb css_animation=\u00a0\u00bb\u00a0\u00bb][vc_column_inner][vc_column_text]<\/p>\n<h2>Showroom<\/h2>\n<p>[\/vc_column_text][\/vc_column_inner][\/vc_row_inner][vc_empty_space height=\u00a0\u00bb12px\u00a0\u00bb]<a href=\"https:\/\/bequartii.com\/showroom-appointments\/\" target=\"_self\" data-hover-border-color='#000000' data-hover-color='#ffffff' class=\"qbutton  medium inherit\" style=\"color: #ffffff; border-color: #000000; font-style: normal; font-weight: 400; font-size: 10px; \">PRENDRE RDV<\/a>[vc_empty_space][\/vc_column][vc_column width=\u00a0\u00bb1\/4&Prime;][\/vc_column][\/vc_row][vc_row row_type=\u00a0\u00bbrow\u00a0\u00bb use_row_as_full_screen_section=\u00a0\u00bbno\u00a0\u00bb type=\u00a0\u00bbfull_width\u00a0\u00bb text_align=\u00a0\u00bbleft\u00a0\u00bb background_animation=\u00a0\u00bbnone\u00a0\u00bb css_animation=\u00a0\u00bb\u00a0\u00bb][vc_column][vc_empty_space height=\u00a0\u00bb400px\u00a0\u00bb][\/vc_column][\/vc_row]<\/p>\n<\/div>","protected":false},"excerpt":{"rendered":"<p>[vc_row row_type=\u00a0\u00bbrow\u00a0\u00bb use_row_as_full_screen_section=\u00a0\u00bbno\u00a0\u00bb type=\u00a0\u00bbfull_width\u00a0\u00bb text_align=\u00a0\u00bbleft\u00a0\u00bb background_animation=\u00a0\u00bbnone\u00a0\u00bb css_animation=\u00a0\u00bb\u00a0\u00bb][vc_column][vc_column_text][\/vc_column_text][vc_empty_space][\/vc_column][\/vc_row][vc_row row_type=\u00a0\u00bbrow\u00a0\u00bb use_row_as_full_screen_section=\u00a0\u00bbno\u00a0\u00bb type=\u00a0\u00bbfull_width\u00a0\u00bb text_align=\u00a0\u00bbleft\u00a0\u00bb background_animation=\u00a0\u00bbnone\u00a0\u00bb css_animation=\u00a0\u00bb\u00a0\u00bb][vc_column][vc_column_text] Notre showroom est situ\u00e9 au c\u0153ur de Paris, au\u00a07 rue Royale 75008, \u00e0 c\u00f4t\u00e9 d\u2019h\u00f4tel de Crillon. Avant sa reprise et r\u00e9novation par Bequartii, ce lieu d\u2019exception a \u00e9t\u00e9 le bureau du&#8230;<\/p>\n","protected":false},"author":1,"featured_media":0,"parent":0,"menu_order":0,"comment_status":"closed","ping_status":"closed","template":"","meta":{"inline_featured_image":false,"footnotes":""},"class_list":["post-615","page","type-page","status-publish","hentry"],"yoast_head":"<!-- This site is optimized with the Yoast SEO plugin v25.1 - https:\/\/yoast.com\/wordpress\/plugins\/seo\/ -->\n<title>Showroom - Bequartii<\/title>\n<meta name=\"robots\" content=\"index, follow, max-snippet:-1, max-image-preview:large, max-video-preview:-1\" \/>\n<link rel=\"canonical\" href=\"https:\/\/bequartii.com\/showroom\/\" \/>\n<meta property=\"og:locale\" content=\"fr_FR\" \/>\n<meta property=\"og:type\" content=\"article\" \/>\n<meta property=\"og:title\" content=\"Showroom - Bequartii\" \/>\n<meta property=\"og:description\" content=\"[vc_row row_type=\u00a0\u00bbrow\u00a0\u00bb use_row_as_full_screen_section=\u00a0\u00bbno\u00a0\u00bb type=\u00a0\u00bbfull_width\u00a0\u00bb text_align=\u00a0\u00bbleft\u00a0\u00bb background_animation=\u00a0\u00bbnone\u00a0\u00bb css_animation=\u00a0\u00bb\u00a0\u00bb][vc_column][vc_column_text][\/vc_column_text][vc_empty_space][\/vc_column][\/vc_row][vc_row row_type=\u00a0\u00bbrow\u00a0\u00bb use_row_as_full_screen_section=\u00a0\u00bbno\u00a0\u00bb type=\u00a0\u00bbfull_width\u00a0\u00bb text_align=\u00a0\u00bbleft\u00a0\u00bb background_animation=\u00a0\u00bbnone\u00a0\u00bb css_animation=\u00a0\u00bb\u00a0\u00bb][vc_column][vc_column_text] Notre showroom est situ\u00e9 au c\u0153ur de Paris, au\u00a07 rue Royale 75008, \u00e0 c\u00f4t\u00e9 d\u2019h\u00f4tel de Crillon. Avant sa reprise et r\u00e9novation par Bequartii, ce lieu d\u2019exception a \u00e9t\u00e9 le bureau du...\" \/>\n<meta property=\"og:url\" content=\"https:\/\/bequartii.com\/showroom\/\" \/>\n<meta property=\"og:site_name\" content=\"Bequartii\" \/>\n<meta property=\"article:modified_time\" content=\"2020-03-02T10:25:37+00:00\" \/>\n<meta property=\"og:image\" content=\"https:\/\/bequartii.com\/wp-content\/uploads\/2019\/09\/Bequartii_paris_showroom_atelier_.jpg\" \/>\n\t<meta property=\"og:image:width\" content=\"1500\" \/>\n\t<meta property=\"og:image:height\" content=\"1000\" \/>\n\t<meta property=\"og:image:type\" content=\"image\/jpeg\" \/>\n<meta name=\"twitter:card\" content=\"summary_large_image\" \/>\n<meta name=\"twitter:label1\" content=\"Dur\u00e9e de lecture estim\u00e9e\" \/>\n\t<meta name=\"twitter:data1\" content=\"2 minutes\" \/>\n<script type=\"application\/ld+json\" class=\"yoast-schema-graph\">{\"@context\":\"https:\/\/schema.org\",\"@graph\":[{\"@type\":\"WebPage\",\"@id\":\"https:\/\/bequartii.com\/showroom\/\",\"url\":\"https:\/\/bequartii.com\/showroom\/\",\"name\":\"Showroom - Bequartii\",\"isPartOf\":{\"@id\":\"https:\/\/bequartii.com\/#website\"},\"primaryImageOfPage\":{\"@id\":\"https:\/\/bequartii.com\/showroom\/#primaryimage\"},\"image\":{\"@id\":\"https:\/\/bequartii.com\/showroom\/#primaryimage\"},\"thumbnailUrl\":\"https:\/\/bequartii.com\/wp-content\/uploads\/2019\/09\/Bequartii_paris_showroom_atelier_.jpg\",\"datePublished\":\"2019-07-02T16:22:51+00:00\",\"dateModified\":\"2020-03-02T10:25:37+00:00\",\"breadcrumb\":{\"@id\":\"https:\/\/bequartii.com\/showroom\/#breadcrumb\"},\"inLanguage\":\"fr-FR\",\"potentialAction\":[{\"@type\":\"ReadAction\",\"target\":[\"https:\/\/bequartii.com\/showroom\/\"]}]},{\"@type\":\"ImageObject\",\"inLanguage\":\"fr-FR\",\"@id\":\"https:\/\/bequartii.com\/showroom\/#primaryimage\",\"url\":\"https:\/\/bequartii.com\/wp-content\/uploads\/2019\/09\/Bequartii_paris_showroom_atelier_.jpg\",\"contentUrl\":\"https:\/\/bequartii.com\/wp-content\/uploads\/2019\/09\/Bequartii_paris_showroom_atelier_.jpg\"},{\"@type\":\"BreadcrumbList\",\"@id\":\"https:\/\/bequartii.com\/showroom\/#breadcrumb\",\"itemListElement\":[{\"@type\":\"ListItem\",\"position\":1,\"name\":\"Home\",\"item\":\"https:\/\/bequartii.com\/fr\/\"},{\"@type\":\"ListItem\",\"position\":2,\"name\":\"Showroom\"}]},{\"@type\":\"WebSite\",\"@id\":\"https:\/\/bequartii.com\/#website\",\"url\":\"https:\/\/bequartii.com\/\",\"name\":\"Bequartii\",\"description\":\"Fashion brand based in Paris\",\"potentialAction\":[{\"@type\":\"SearchAction\",\"target\":{\"@type\":\"EntryPoint\",\"urlTemplate\":\"https:\/\/bequartii.com\/?s={search_term_string}\"},\"query-input\":{\"@type\":\"PropertyValueSpecification\",\"valueRequired\":true,\"valueName\":\"search_term_string\"}}],\"inLanguage\":\"fr-FR\"}]}<\/script>\n<!-- \/ Yoast SEO plugin. -->","yoast_head_json":{"title":"Showroom - Bequartii","robots":{"index":"index","follow":"follow","max-snippet":"max-snippet:-1","max-image-preview":"max-image-preview:large","max-video-preview":"max-video-preview:-1"},"canonical":"https:\/\/bequartii.com\/showroom\/","og_locale":"fr_FR","og_type":"article","og_title":"Showroom - Bequartii","og_description":"[vc_row row_type=\u00a0\u00bbrow\u00a0\u00bb use_row_as_full_screen_section=\u00a0\u00bbno\u00a0\u00bb type=\u00a0\u00bbfull_width\u00a0\u00bb text_align=\u00a0\u00bbleft\u00a0\u00bb background_animation=\u00a0\u00bbnone\u00a0\u00bb css_animation=\u00a0\u00bb\u00a0\u00bb][vc_column][vc_column_text][\/vc_column_text][vc_empty_space][\/vc_column][\/vc_row][vc_row row_type=\u00a0\u00bbrow\u00a0\u00bb use_row_as_full_screen_section=\u00a0\u00bbno\u00a0\u00bb type=\u00a0\u00bbfull_width\u00a0\u00bb text_align=\u00a0\u00bbleft\u00a0\u00bb background_animation=\u00a0\u00bbnone\u00a0\u00bb css_animation=\u00a0\u00bb\u00a0\u00bb][vc_column][vc_column_text] Notre showroom est situ\u00e9 au c\u0153ur de Paris, au\u00a07 rue Royale 75008, \u00e0 c\u00f4t\u00e9 d\u2019h\u00f4tel de Crillon. Avant sa reprise et r\u00e9novation par Bequartii, ce lieu d\u2019exception a \u00e9t\u00e9 le bureau du...","og_url":"https:\/\/bequartii.com\/showroom\/","og_site_name":"Bequartii","article_modified_time":"2020-03-02T10:25:37+00:00","og_image":[{"width":1500,"height":1000,"url":"https:\/\/bequartii.com\/wp-content\/uploads\/2019\/09\/Bequartii_paris_showroom_atelier_.jpg","type":"image\/jpeg"}],"twitter_card":"summary_large_image","twitter_misc":{"Dur\u00e9e de lecture estim\u00e9e":"2 minutes"},"schema":{"@context":"https:\/\/schema.org","@graph":[{"@type":"WebPage","@id":"https:\/\/bequartii.com\/showroom\/","url":"https:\/\/bequartii.com\/showroom\/","name":"Showroom - Bequartii","isPartOf":{"@id":"https:\/\/bequartii.com\/#website"},"primaryImageOfPage":{"@id":"https:\/\/bequartii.com\/showroom\/#primaryimage"},"image":{"@id":"https:\/\/bequartii.com\/showroom\/#primaryimage"},"thumbnailUrl":"https:\/\/bequartii.com\/wp-content\/uploads\/2019\/09\/Bequartii_paris_showroom_atelier_.jpg","datePublished":"2019-07-02T16:22:51+00:00","dateModified":"2020-03-02T10:25:37+00:00","breadcrumb":{"@id":"https:\/\/bequartii.com\/showroom\/#breadcrumb"},"inLanguage":"fr-FR","potentialAction":[{"@type":"ReadAction","target":["https:\/\/bequartii.com\/showroom\/"]}]},{"@type":"ImageObject","inLanguage":"fr-FR","@id":"https:\/\/bequartii.com\/showroom\/#primaryimage","url":"https:\/\/bequartii.com\/wp-content\/uploads\/2019\/09\/Bequartii_paris_showroom_atelier_.jpg","contentUrl":"https:\/\/bequartii.com\/wp-content\/uploads\/2019\/09\/Bequartii_paris_showroom_atelier_.jpg"},{"@type":"BreadcrumbList","@id":"https:\/\/bequartii.com\/showroom\/#breadcrumb","itemListElement":[{"@type":"ListItem","position":1,"name":"Home","item":"https:\/\/bequartii.com\/fr\/"},{"@type":"ListItem","position":2,"name":"Showroom"}]},{"@type":"WebSite","@id":"https:\/\/bequartii.com\/#website","url":"https:\/\/bequartii.com\/","name":"Bequartii","description":"Fashion brand based in Paris","potentialAction":[{"@type":"SearchAction","target":{"@type":"EntryPoint","urlTemplate":"https:\/\/bequartii.com\/?s={search_term_string}"},"query-input":{"@type":"PropertyValueSpecification","valueRequired":true,"valueName":"search_term_string"}}],"inLanguage":"fr-FR"}]}},"_links":{"self":[{"href":"https:\/\/bequartii.com\/fr\/wp-json\/wp\/v2\/pages\/615","targetHints":{"allow":["GET"]}}],"collection":[{"href":"https:\/\/bequartii.com\/fr\/wp-json\/wp\/v2\/pages"}],"about":[{"href":"https:\/\/bequartii.com\/fr\/wp-json\/wp\/v2\/types\/page"}],"author":[{"embeddable":true,"href":"https:\/\/bequartii.com\/fr\/wp-json\/wp\/v2\/users\/1"}],"replies":[{"embeddable":true,"href":"https:\/\/bequartii.com\/fr\/wp-json\/wp\/v2\/comments?post=615"}],"version-history":[{"count":10,"href":"https:\/\/bequartii.com\/fr\/wp-json\/wp\/v2\/pages\/615\/revisions"}],"predecessor-version":[{"id":2554,"href":"https:\/\/bequartii.com\/fr\/wp-json\/wp\/v2\/pages\/615\/revisions\/2554"}],"wp:attachment":[{"href":"https:\/\/bequartii.com\/fr\/wp-json\/wp\/v2\/media?parent=615"}],"curies":[{"name":"wp","href":"https:\/\/api.w.org\/{rel}","templated":true}]}}