{"id":613,"date":"2019-07-10T10:06:03","date_gmt":"2019-07-10T08:06:03","guid":{"rendered":"https:\/\/bequartii.com\/shipping\/"},"modified":"2019-10-03T10:47:07","modified_gmt":"2019-10-03T08:47:07","slug":"frais-de-port","status":"publish","type":"page","link":"https:\/\/bequartii.com\/fr\/frais-de-port\/","title":{"rendered":"Frais de Port"},"content":{"rendered":"<div class=\"wpb-content-wrapper\"><p>[vc_row row_type=\u00a0\u00bbrow\u00a0\u00bb use_row_as_full_screen_section=\u00a0\u00bbno\u00a0\u00bb type=\u00a0\u00bbfull_width\u00a0\u00bb text_align=\u00a0\u00bbleft\u00a0\u00bb background_animation=\u00a0\u00bbnone\u00a0\u00bb css_animation=\u00a0\u00bb\u00a0\u00bb][vc_column width=\u00a0\u00bb1\/6&Prime;][\/vc_column][vc_column width=\u00a0\u00bb2\/3&Prime;][vc_column_text]<\/p>\n<p class=\"p1\"><span class=\"s1\">LIVRAISONS &amp; RETOURS<\/span><\/p>\n<p>&nbsp;<\/p>\n<p class=\"p1\"><span class=\"s1\">Livraison express<\/span><\/p>\n<p class=\"p1\"><span class=\"s1\">Livraison dans un d\u00e9lai de 2-3 jours ouvrables<\/span><\/p>\n<p>&nbsp;<\/p>\n<p style=\"text-align: left;\">Next Day Livraison<\/p>\n<p class=\"p1\"><span class=\"s1\">Livraison dans 24h<\/span><\/p>\n<p>&nbsp;<\/p>\n<p>&nbsp;<\/p>\n<p class=\"p1\"><span class=\"s1\">Vous pouvez transmettre une demande de retour ou d&rsquo;\u00e9change pour tout article de votre commande dans un d\u00e9lai de 7 jours \u00e0 compter de la date de livraison. Pour de plus amples informations, nous vous invitons \u00e0 consulter l\u2019espace Conditions G\u00e9n\u00e9rales de Vente.<\/span><\/p>\n<p>[\/vc_column_text][\/vc_column][vc_column width=\u00a0\u00bb1\/6&Prime;][\/vc_column][\/vc_row][vc_row row_type=\u00a0\u00bbrow\u00a0\u00bb use_row_as_full_screen_section=\u00a0\u00bbno\u00a0\u00bb type=\u00a0\u00bbfull_width\u00a0\u00bb text_align=\u00a0\u00bbleft\u00a0\u00bb background_animation=\u00a0\u00bbnone\u00a0\u00bb css_animation=\u00a0\u00bb\u00a0\u00bb][vc_column][vc_empty_space][\/vc_column][\/vc_row]<\/p>\n<\/div>","protected":false},"excerpt":{"rendered":"<p>[vc_row row_type=\u00a0\u00bbrow\u00a0\u00bb use_row_as_full_screen_section=\u00a0\u00bbno\u00a0\u00bb type=\u00a0\u00bbfull_width\u00a0\u00bb text_align=\u00a0\u00bbleft\u00a0\u00bb background_animation=\u00a0\u00bbnone\u00a0\u00bb css_animation=\u00a0\u00bb\u00a0\u00bb][vc_column width=\u00a0\u00bb1\/6&Prime;][\/vc_column][vc_column width=\u00a0\u00bb2\/3&Prime;][vc_column_text] LIVRAISONS &amp; RETOURS &nbsp; Livraison express Livraison dans un d\u00e9lai de 2-3 jours ouvrables &nbsp; Next Day Livraison Livraison dans 24h &nbsp; &nbsp; Vous pouvez transmettre une demande de retour ou d&rsquo;\u00e9change pour tout article de&#8230;<\/p>\n","protected":false},"author":1,"featured_media":0,"parent":0,"menu_order":0,"comment_status":"closed","ping_status":"closed","template":"","meta":{"inline_featured_image":false,"footnotes":""},"class_list":["post-613","page","type-page","status-publish","hentry"],"yoast_head":"<!-- This site is optimized with the Yoast SEO plugin v25.1 - https:\/\/yoast.com\/wordpress\/plugins\/seo\/ -->\n<title>Frais de Port - Bequartii<\/title>\n<meta name=\"robots\" content=\"index, follow, max-snippet:-1, max-image-preview:large, max-video-preview:-1\" \/>\n<link rel=\"canonical\" href=\"https:\/\/bequartii.com\/shipping\/\" \/>\n<meta property=\"og:locale\" content=\"fr_FR\" \/>\n<meta property=\"og:type\" content=\"article\" \/>\n<meta property=\"og:title\" content=\"Frais de Port - Bequartii\" \/>\n<meta property=\"og:description\" content=\"[vc_row row_type=\u00a0\u00bbrow\u00a0\u00bb use_row_as_full_screen_section=\u00a0\u00bbno\u00a0\u00bb type=\u00a0\u00bbfull_width\u00a0\u00bb text_align=\u00a0\u00bbleft\u00a0\u00bb background_animation=\u00a0\u00bbnone\u00a0\u00bb css_animation=\u00a0\u00bb\u00a0\u00bb][vc_column width=\u00a0\u00bb1\/6&Prime;][\/vc_column][vc_column width=\u00a0\u00bb2\/3&Prime;][vc_column_text] LIVRAISONS &amp; RETOURS &nbsp; Livraison express Livraison dans un d\u00e9lai de 2-3 jours ouvrables &nbsp; Next Day Livraison Livraison dans 24h &nbsp; &nbsp; Vous pouvez transmettre une demande de retour ou d&rsquo;\u00e9change pour tout article de...\" \/>\n<meta property=\"og:url\" content=\"https:\/\/bequartii.com\/shipping\/\" \/>\n<meta property=\"og:site_name\" content=\"Bequartii\" \/>\n<meta property=\"article:modified_time\" content=\"2019-10-03T08:47:07+00:00\" \/>\n<meta name=\"twitter:card\" content=\"summary_large_image\" \/>\n<meta name=\"twitter:label1\" content=\"Dur\u00e9e de lecture estim\u00e9e\" \/>\n\t<meta name=\"twitter:data1\" content=\"1 minute\" \/>\n<script type=\"application\/ld+json\" class=\"yoast-schema-graph\">{\"@context\":\"https:\/\/schema.org\",\"@graph\":[{\"@type\":\"WebPage\",\"@id\":\"https:\/\/bequartii.com\/shipping\/\",\"url\":\"https:\/\/bequartii.com\/shipping\/\",\"name\":\"Frais de Port - Bequartii\",\"isPartOf\":{\"@id\":\"https:\/\/bequartii.com\/#website\"},\"datePublished\":\"2019-07-10T08:06:03+00:00\",\"dateModified\":\"2019-10-03T08:47:07+00:00\",\"breadcrumb\":{\"@id\":\"https:\/\/bequartii.com\/shipping\/#breadcrumb\"},\"inLanguage\":\"fr-FR\",\"potentialAction\":[{\"@type\":\"ReadAction\",\"target\":[\"https:\/\/bequartii.com\/shipping\/\"]}]},{\"@type\":\"BreadcrumbList\",\"@id\":\"https:\/\/bequartii.com\/shipping\/#breadcrumb\",\"itemListElement\":[{\"@type\":\"ListItem\",\"position\":1,\"name\":\"Home\",\"item\":\"https:\/\/bequartii.com\/fr\/\"},{\"@type\":\"ListItem\",\"position\":2,\"name\":\"Frais de Port\"}]},{\"@type\":\"WebSite\",\"@id\":\"https:\/\/bequartii.com\/#website\",\"url\":\"https:\/\/bequartii.com\/\",\"name\":\"Bequartii\",\"description\":\"Fashion brand based in Paris\",\"potentialAction\":[{\"@type\":\"SearchAction\",\"target\":{\"@type\":\"EntryPoint\",\"urlTemplate\":\"https:\/\/bequartii.com\/?s={search_term_string}\"},\"query-input\":{\"@type\":\"PropertyValueSpecification\",\"valueRequired\":true,\"valueName\":\"search_term_string\"}}],\"inLanguage\":\"fr-FR\"}]}<\/script>\n<!-- \/ Yoast SEO plugin. -->","yoast_head_json":{"title":"Frais de Port - Bequartii","robots":{"index":"index","follow":"follow","max-snippet":"max-snippet:-1","max-image-preview":"max-image-preview:large","max-video-preview":"max-video-preview:-1"},"canonical":"https:\/\/bequartii.com\/shipping\/","og_locale":"fr_FR","og_type":"article","og_title":"Frais de Port - Bequartii","og_description":"[vc_row row_type=\u00a0\u00bbrow\u00a0\u00bb use_row_as_full_screen_section=\u00a0\u00bbno\u00a0\u00bb type=\u00a0\u00bbfull_width\u00a0\u00bb text_align=\u00a0\u00bbleft\u00a0\u00bb background_animation=\u00a0\u00bbnone\u00a0\u00bb css_animation=\u00a0\u00bb\u00a0\u00bb][vc_column width=\u00a0\u00bb1\/6&Prime;][\/vc_column][vc_column width=\u00a0\u00bb2\/3&Prime;][vc_column_text] LIVRAISONS &amp; RETOURS &nbsp; Livraison express Livraison dans un d\u00e9lai de 2-3 jours ouvrables &nbsp; Next Day Livraison Livraison dans 24h &nbsp; &nbsp; Vous pouvez transmettre une demande de retour ou d&rsquo;\u00e9change pour tout article de...","og_url":"https:\/\/bequartii.com\/shipping\/","og_site_name":"Bequartii","article_modified_time":"2019-10-03T08:47:07+00:00","twitter_card":"summary_large_image","twitter_misc":{"Dur\u00e9e de lecture estim\u00e9e":"1 minute"},"schema":{"@context":"https:\/\/schema.org","@graph":[{"@type":"WebPage","@id":"https:\/\/bequartii.com\/shipping\/","url":"https:\/\/bequartii.com\/shipping\/","name":"Frais de Port - Bequartii","isPartOf":{"@id":"https:\/\/bequartii.com\/#website"},"datePublished":"2019-07-10T08:06:03+00:00","dateModified":"2019-10-03T08:47:07+00:00","breadcrumb":{"@id":"https:\/\/bequartii.com\/shipping\/#breadcrumb"},"inLanguage":"fr-FR","potentialAction":[{"@type":"ReadAction","target":["https:\/\/bequartii.com\/shipping\/"]}]},{"@type":"BreadcrumbList","@id":"https:\/\/bequartii.com\/shipping\/#breadcrumb","itemListElement":[{"@type":"ListItem","position":1,"name":"Home","item":"https:\/\/bequartii.com\/fr\/"},{"@type":"ListItem","position":2,"name":"Frais de Port"}]},{"@type":"WebSite","@id":"https:\/\/bequartii.com\/#website","url":"https:\/\/bequartii.com\/","name":"Bequartii","description":"Fashion brand based in Paris","potentialAction":[{"@type":"SearchAction","target":{"@type":"EntryPoint","urlTemplate":"https:\/\/bequartii.com\/?s={search_term_string}"},"query-input":{"@type":"PropertyValueSpecification","valueRequired":true,"valueName":"search_term_string"}}],"inLanguage":"fr-FR"}]}},"_links":{"self":[{"href":"https:\/\/bequartii.com\/fr\/wp-json\/wp\/v2\/pages\/613","targetHints":{"allow":["GET"]}}],"collection":[{"href":"https:\/\/bequartii.com\/fr\/wp-json\/wp\/v2\/pages"}],"about":[{"href":"https:\/\/bequartii.com\/fr\/wp-json\/wp\/v2\/types\/page"}],"author":[{"embeddable":true,"href":"https:\/\/bequartii.com\/fr\/wp-json\/wp\/v2\/users\/1"}],"replies":[{"embeddable":true,"href":"https:\/\/bequartii.com\/fr\/wp-json\/wp\/v2\/comments?post=613"}],"version-history":[{"count":6,"href":"https:\/\/bequartii.com\/fr\/wp-json\/wp\/v2\/pages\/613\/revisions"}],"predecessor-version":[{"id":2576,"href":"https:\/\/bequartii.com\/fr\/wp-json\/wp\/v2\/pages\/613\/revisions\/2576"}],"wp:attachment":[{"href":"https:\/\/bequartii.com\/fr\/wp-json\/wp\/v2\/media?parent=613"}],"curies":[{"name":"wp","href":"https:\/\/api.w.org\/{rel}","templated":true}]}}