{"id":581,"date":"2019-07-02T18:22:03","date_gmt":"2019-07-02T16:22:03","guid":{"rendered":"https:\/\/bequartii.com\/la-maison\/"},"modified":"2020-03-02T11:12:31","modified_gmt":"2020-03-02T10:12:31","slug":"la-maison","status":"publish","type":"page","link":"https:\/\/bequartii.com\/fr\/la-maison\/","title":{"rendered":"La Maison"},"content":{"rendered":"<div class=\"wpb-content-wrapper\"><p>[vc_row row_type=\u00a0\u00bbrow\u00a0\u00bb use_row_as_full_screen_section=\u00a0\u00bbno\u00a0\u00bb type=\u00a0\u00bbfull_width\u00a0\u00bb text_align=\u00a0\u00bbleft\u00a0\u00bb background_animation=\u00a0\u00bbnone\u00a0\u00bb css_animation=\u00a0\u00bb\u00a0\u00bb][vc_column][vc_column_text]<img fetchpriority=\"high\" decoding=\"async\" class=\"aligncenter wp-image-1732\" src=\"https:\/\/bequartii.com\/wp-content\/uploads\/2019\/09\/Bequartii_paris_atelier.jpg\" alt=\"\" width=\"400\" height=\"411\" srcset=\"https:\/\/bequartii.com\/wp-content\/uploads\/2019\/09\/Bequartii_paris_atelier.jpg 1500w, https:\/\/bequartii.com\/wp-content\/uploads\/2019\/09\/Bequartii_paris_atelier-650x668.jpg 650w, https:\/\/bequartii.com\/wp-content\/uploads\/2019\/09\/Bequartii_paris_atelier-292x300.jpg 292w, https:\/\/bequartii.com\/wp-content\/uploads\/2019\/09\/Bequartii_paris_atelier-768x790.jpg 768w, https:\/\/bequartii.com\/wp-content\/uploads\/2019\/09\/Bequartii_paris_atelier-996x1024.jpg 996w, https:\/\/bequartii.com\/wp-content\/uploads\/2019\/09\/Bequartii_paris_atelier-700x720.jpg 700w, https:\/\/bequartii.com\/wp-content\/uploads\/2019\/09\/Bequartii_paris_atelier-1100x1131.jpg 1100w\" sizes=\"(max-width: 400px) 100vw, 400px\" \/>[\/vc_column_text][vc_empty_space][\/vc_column][\/vc_row][vc_row row_type=\u00a0\u00bbrow\u00a0\u00bb use_row_as_full_screen_section=\u00a0\u00bbno\u00a0\u00bb type=\u00a0\u00bbfull_width\u00a0\u00bb text_align=\u00a0\u00bbleft\u00a0\u00bb background_animation=\u00a0\u00bbnone\u00a0\u00bb css_animation=\u00a0\u00bb\u00a0\u00bb][vc_column width=\u00a0\u00bb1\/6&Prime;][\/vc_column][vc_column width=\u00a0\u00bb2\/3&Prime;][vc_column_text]<\/p>\n<div style=\"text-align: left;\">\n<div style=\"text-align: left;\"><i>L\u2019Impatiens Bequaertii<\/i>\u00a0est une fleur rare, que l\u2019on trouve dans les for\u00eats d\u2019Afrique de l\u2019Est, et dont les p\u00e9tales immacul\u00e9s rappellent une petite fille qui danse. Cette esp\u00e8ce d\u00e9licate a donn\u00e9 son nom \u00e0 une nouvelle marque de pr\u00eat-\u00e0-porter f\u00e9minin de luxe, fond\u00e9e \u00e0 Paris.<\/div>\n<div style=\"text-align: left;\"><\/div>\n<div style=\"text-align: left;\"><\/div>\n<p>&nbsp;<\/p>\n<div style=\"text-align: left;\"><\/div>\n<div style=\"text-align: left;\"><\/div>\n<div style=\"text-align: left;\">Chez Bequartii, la f\u00e9minit\u00e9 se traduit par des d\u00e9tails bien pens\u00e9s, par des coupes impeccables. Laine, soie,coton\u2026<\/div>\n<div style=\"text-align: left;\">Les \u00e9toffes sont naturelles, les tissus bio sont privil\u00e9gi\u00e9s. Des origamis apparaissent sur les cols ou les poches d\u2019un blouson en drap de laine, des capsules habillent les robes, les vestes ou le bas des pantalons, des plis plats ornent les blouses.<\/div>\n<div style=\"text-align: left;\"><\/div>\n<div style=\"text-align: left;\"><\/div>\n<p>&nbsp;<\/p>\n<div style=\"text-align: left;\">Exclusivement vendues sur le site<\/div>\n<div style=\"text-align: left;\"><u><a href=\"http:\/\/www.bequartii.com\/\">www.bequartii.com<\/a><\/u>\u00a0et dans les salons de la marque,\u00a0<a dir=\"ltr\" href=\"x-apple-data-detectors:\/\/1\">rue Royale, \u00e0 Paris<\/a>, les collections sont enti\u00e8rement con\u00e7ues et fabriqu\u00e9es en France.<\/div>\n<\/div>\n<p>[\/vc_column_text][\/vc_column][vc_column width=\u00a0\u00bb1\/6&Prime;][\/vc_column][\/vc_row][vc_row row_type=\u00a0\u00bbrow\u00a0\u00bb use_row_as_full_screen_section=\u00a0\u00bbno\u00a0\u00bb type=\u00a0\u00bbfull_width\u00a0\u00bb text_align=\u00a0\u00bbleft\u00a0\u00bb background_animation=\u00a0\u00bbnone\u00a0\u00bb css_animation=\u00a0\u00bb\u00a0\u00bb][vc_column][vc_empty_space height=\u00a0\u00bb400px\u00a0\u00bb][\/vc_column][\/vc_row]<\/p>\n<\/div>","protected":false},"excerpt":{"rendered":"<p>[vc_row row_type=\u00a0\u00bbrow\u00a0\u00bb use_row_as_full_screen_section=\u00a0\u00bbno\u00a0\u00bb type=\u00a0\u00bbfull_width\u00a0\u00bb text_align=\u00a0\u00bbleft\u00a0\u00bb background_animation=\u00a0\u00bbnone\u00a0\u00bb css_animation=\u00a0\u00bb\u00a0\u00bb][vc_column][vc_column_text][\/vc_column_text][vc_empty_space][\/vc_column][\/vc_row][vc_row row_type=\u00a0\u00bbrow\u00a0\u00bb use_row_as_full_screen_section=\u00a0\u00bbno\u00a0\u00bb type=\u00a0\u00bbfull_width\u00a0\u00bb text_align=\u00a0\u00bbleft\u00a0\u00bb background_animation=\u00a0\u00bbnone\u00a0\u00bb css_animation=\u00a0\u00bb\u00a0\u00bb][vc_column width=\u00a0\u00bb1\/6&Prime;][\/vc_column][vc_column width=\u00a0\u00bb2\/3&Prime;][vc_column_text] L\u2019Impatiens Bequaertii\u00a0est une fleur rare, que l\u2019on trouve dans les for\u00eats d\u2019Afrique de l\u2019Est, et dont les p\u00e9tales immacul\u00e9s rappellent une petite fille qui danse. Cette esp\u00e8ce d\u00e9licate a donn\u00e9&#8230;<\/p>\n","protected":false},"author":1,"featured_media":0,"parent":0,"menu_order":0,"comment_status":"closed","ping_status":"closed","template":"","meta":{"inline_featured_image":false,"footnotes":""},"class_list":["post-581","page","type-page","status-publish","hentry"],"yoast_head":"<!-- This site is optimized with the Yoast SEO plugin v25.1 - https:\/\/yoast.com\/wordpress\/plugins\/seo\/ -->\n<title>La Maison - Bequartii<\/title>\n<meta name=\"robots\" content=\"index, follow, max-snippet:-1, max-image-preview:large, max-video-preview:-1\" \/>\n<link rel=\"canonical\" href=\"https:\/\/bequartii.com\/la-maison\/\" \/>\n<meta property=\"og:locale\" content=\"fr_FR\" \/>\n<meta property=\"og:type\" content=\"article\" \/>\n<meta property=\"og:title\" content=\"La Maison - Bequartii\" \/>\n<meta property=\"og:description\" content=\"[vc_row row_type=\u00a0\u00bbrow\u00a0\u00bb use_row_as_full_screen_section=\u00a0\u00bbno\u00a0\u00bb type=\u00a0\u00bbfull_width\u00a0\u00bb text_align=\u00a0\u00bbleft\u00a0\u00bb background_animation=\u00a0\u00bbnone\u00a0\u00bb css_animation=\u00a0\u00bb\u00a0\u00bb][vc_column][vc_column_text][\/vc_column_text][vc_empty_space][\/vc_column][\/vc_row][vc_row row_type=\u00a0\u00bbrow\u00a0\u00bb use_row_as_full_screen_section=\u00a0\u00bbno\u00a0\u00bb type=\u00a0\u00bbfull_width\u00a0\u00bb text_align=\u00a0\u00bbleft\u00a0\u00bb background_animation=\u00a0\u00bbnone\u00a0\u00bb css_animation=\u00a0\u00bb\u00a0\u00bb][vc_column width=\u00a0\u00bb1\/6&Prime;][\/vc_column][vc_column width=\u00a0\u00bb2\/3&Prime;][vc_column_text] L\u2019Impatiens Bequaertii\u00a0est une fleur rare, que l\u2019on trouve dans les for\u00eats d\u2019Afrique de l\u2019Est, et dont les p\u00e9tales immacul\u00e9s rappellent une petite fille qui danse. Cette esp\u00e8ce d\u00e9licate a donn\u00e9...\" \/>\n<meta property=\"og:url\" content=\"https:\/\/bequartii.com\/la-maison\/\" \/>\n<meta property=\"og:site_name\" content=\"Bequartii\" \/>\n<meta property=\"article:modified_time\" content=\"2020-03-02T10:12:31+00:00\" \/>\n<meta property=\"og:image\" content=\"https:\/\/bequartii.com\/wp-content\/uploads\/2019\/09\/Bequartii_paris_atelier.jpg\" \/>\n\t<meta property=\"og:image:width\" content=\"1500\" \/>\n\t<meta property=\"og:image:height\" content=\"1542\" \/>\n\t<meta property=\"og:image:type\" content=\"image\/jpeg\" \/>\n<meta name=\"twitter:card\" content=\"summary_large_image\" \/>\n<meta name=\"twitter:label1\" content=\"Dur\u00e9e de lecture estim\u00e9e\" \/>\n\t<meta name=\"twitter:data1\" content=\"1 minute\" \/>\n<script type=\"application\/ld+json\" class=\"yoast-schema-graph\">{\"@context\":\"https:\/\/schema.org\",\"@graph\":[{\"@type\":\"WebPage\",\"@id\":\"https:\/\/bequartii.com\/la-maison\/\",\"url\":\"https:\/\/bequartii.com\/la-maison\/\",\"name\":\"La Maison - Bequartii\",\"isPartOf\":{\"@id\":\"https:\/\/bequartii.com\/#website\"},\"primaryImageOfPage\":{\"@id\":\"https:\/\/bequartii.com\/la-maison\/#primaryimage\"},\"image\":{\"@id\":\"https:\/\/bequartii.com\/la-maison\/#primaryimage\"},\"thumbnailUrl\":\"https:\/\/bequartii.com\/wp-content\/uploads\/2019\/09\/Bequartii_paris_atelier.jpg\",\"datePublished\":\"2019-07-02T16:22:03+00:00\",\"dateModified\":\"2020-03-02T10:12:31+00:00\",\"breadcrumb\":{\"@id\":\"https:\/\/bequartii.com\/la-maison\/#breadcrumb\"},\"inLanguage\":\"fr-FR\",\"potentialAction\":[{\"@type\":\"ReadAction\",\"target\":[\"https:\/\/bequartii.com\/la-maison\/\"]}]},{\"@type\":\"ImageObject\",\"inLanguage\":\"fr-FR\",\"@id\":\"https:\/\/bequartii.com\/la-maison\/#primaryimage\",\"url\":\"https:\/\/bequartii.com\/wp-content\/uploads\/2019\/09\/Bequartii_paris_atelier.jpg\",\"contentUrl\":\"https:\/\/bequartii.com\/wp-content\/uploads\/2019\/09\/Bequartii_paris_atelier.jpg\"},{\"@type\":\"BreadcrumbList\",\"@id\":\"https:\/\/bequartii.com\/la-maison\/#breadcrumb\",\"itemListElement\":[{\"@type\":\"ListItem\",\"position\":1,\"name\":\"Home\",\"item\":\"https:\/\/bequartii.com\/fr\/\"},{\"@type\":\"ListItem\",\"position\":2,\"name\":\"La Maison\"}]},{\"@type\":\"WebSite\",\"@id\":\"https:\/\/bequartii.com\/#website\",\"url\":\"https:\/\/bequartii.com\/\",\"name\":\"Bequartii\",\"description\":\"Fashion brand based in Paris\",\"potentialAction\":[{\"@type\":\"SearchAction\",\"target\":{\"@type\":\"EntryPoint\",\"urlTemplate\":\"https:\/\/bequartii.com\/?s={search_term_string}\"},\"query-input\":{\"@type\":\"PropertyValueSpecification\",\"valueRequired\":true,\"valueName\":\"search_term_string\"}}],\"inLanguage\":\"fr-FR\"}]}<\/script>\n<!-- \/ Yoast SEO plugin. -->","yoast_head_json":{"title":"La Maison - Bequartii","robots":{"index":"index","follow":"follow","max-snippet":"max-snippet:-1","max-image-preview":"max-image-preview:large","max-video-preview":"max-video-preview:-1"},"canonical":"https:\/\/bequartii.com\/la-maison\/","og_locale":"fr_FR","og_type":"article","og_title":"La Maison - Bequartii","og_description":"[vc_row row_type=\u00a0\u00bbrow\u00a0\u00bb use_row_as_full_screen_section=\u00a0\u00bbno\u00a0\u00bb type=\u00a0\u00bbfull_width\u00a0\u00bb text_align=\u00a0\u00bbleft\u00a0\u00bb background_animation=\u00a0\u00bbnone\u00a0\u00bb css_animation=\u00a0\u00bb\u00a0\u00bb][vc_column][vc_column_text][\/vc_column_text][vc_empty_space][\/vc_column][\/vc_row][vc_row row_type=\u00a0\u00bbrow\u00a0\u00bb use_row_as_full_screen_section=\u00a0\u00bbno\u00a0\u00bb type=\u00a0\u00bbfull_width\u00a0\u00bb text_align=\u00a0\u00bbleft\u00a0\u00bb background_animation=\u00a0\u00bbnone\u00a0\u00bb css_animation=\u00a0\u00bb\u00a0\u00bb][vc_column width=\u00a0\u00bb1\/6&Prime;][\/vc_column][vc_column width=\u00a0\u00bb2\/3&Prime;][vc_column_text] L\u2019Impatiens Bequaertii\u00a0est une fleur rare, que l\u2019on trouve dans les for\u00eats d\u2019Afrique de l\u2019Est, et dont les p\u00e9tales immacul\u00e9s rappellent une petite fille qui danse. Cette esp\u00e8ce d\u00e9licate a donn\u00e9...","og_url":"https:\/\/bequartii.com\/la-maison\/","og_site_name":"Bequartii","article_modified_time":"2020-03-02T10:12:31+00:00","og_image":[{"width":1500,"height":1542,"url":"https:\/\/bequartii.com\/wp-content\/uploads\/2019\/09\/Bequartii_paris_atelier.jpg","type":"image\/jpeg"}],"twitter_card":"summary_large_image","twitter_misc":{"Dur\u00e9e de lecture estim\u00e9e":"1 minute"},"schema":{"@context":"https:\/\/schema.org","@graph":[{"@type":"WebPage","@id":"https:\/\/bequartii.com\/la-maison\/","url":"https:\/\/bequartii.com\/la-maison\/","name":"La Maison - Bequartii","isPartOf":{"@id":"https:\/\/bequartii.com\/#website"},"primaryImageOfPage":{"@id":"https:\/\/bequartii.com\/la-maison\/#primaryimage"},"image":{"@id":"https:\/\/bequartii.com\/la-maison\/#primaryimage"},"thumbnailUrl":"https:\/\/bequartii.com\/wp-content\/uploads\/2019\/09\/Bequartii_paris_atelier.jpg","datePublished":"2019-07-02T16:22:03+00:00","dateModified":"2020-03-02T10:12:31+00:00","breadcrumb":{"@id":"https:\/\/bequartii.com\/la-maison\/#breadcrumb"},"inLanguage":"fr-FR","potentialAction":[{"@type":"ReadAction","target":["https:\/\/bequartii.com\/la-maison\/"]}]},{"@type":"ImageObject","inLanguage":"fr-FR","@id":"https:\/\/bequartii.com\/la-maison\/#primaryimage","url":"https:\/\/bequartii.com\/wp-content\/uploads\/2019\/09\/Bequartii_paris_atelier.jpg","contentUrl":"https:\/\/bequartii.com\/wp-content\/uploads\/2019\/09\/Bequartii_paris_atelier.jpg"},{"@type":"BreadcrumbList","@id":"https:\/\/bequartii.com\/la-maison\/#breadcrumb","itemListElement":[{"@type":"ListItem","position":1,"name":"Home","item":"https:\/\/bequartii.com\/fr\/"},{"@type":"ListItem","position":2,"name":"La Maison"}]},{"@type":"WebSite","@id":"https:\/\/bequartii.com\/#website","url":"https:\/\/bequartii.com\/","name":"Bequartii","description":"Fashion brand based in Paris","potentialAction":[{"@type":"SearchAction","target":{"@type":"EntryPoint","urlTemplate":"https:\/\/bequartii.com\/?s={search_term_string}"},"query-input":{"@type":"PropertyValueSpecification","valueRequired":true,"valueName":"search_term_string"}}],"inLanguage":"fr-FR"}]}},"_links":{"self":[{"href":"https:\/\/bequartii.com\/fr\/wp-json\/wp\/v2\/pages\/581","targetHints":{"allow":["GET"]}}],"collection":[{"href":"https:\/\/bequartii.com\/fr\/wp-json\/wp\/v2\/pages"}],"about":[{"href":"https:\/\/bequartii.com\/fr\/wp-json\/wp\/v2\/types\/page"}],"author":[{"embeddable":true,"href":"https:\/\/bequartii.com\/fr\/wp-json\/wp\/v2\/users\/1"}],"replies":[{"embeddable":true,"href":"https:\/\/bequartii.com\/fr\/wp-json\/wp\/v2\/comments?post=581"}],"version-history":[{"count":6,"href":"https:\/\/bequartii.com\/fr\/wp-json\/wp\/v2\/pages\/581\/revisions"}],"predecessor-version":[{"id":3033,"href":"https:\/\/bequartii.com\/fr\/wp-json\/wp\/v2\/pages\/581\/revisions\/3033"}],"wp:attachment":[{"href":"https:\/\/bequartii.com\/fr\/wp-json\/wp\/v2\/media?parent=581"}],"curies":[{"name":"wp","href":"https:\/\/api.w.org\/{rel}","templated":true}]}}